{"id":13764,"date":"2022-06-22T11:46:42","date_gmt":"2022-06-22T11:46:42","guid":{"rendered":"https:\/\/vanderlindenj-design.be\/?page_id=13764"},"modified":"2022-06-27T13:41:38","modified_gmt":"2022-06-27T13:41:38","slug":"monuments-funeraires","status":"publish","type":"page","link":"https:\/\/vanderlindenj-design.be\/fr\/monuments-funeraires\/","title":{"rendered":"Monuments fun\u00e9raires respectueux de votre histoire"},"content":{"rendered":"<div class=\"wpb-content-wrapper\"><p>[vc_row el_id=\u00a0\u00bbrealisaties\u00a0\u00bb css=\u00a0\u00bb.vc_custom_1651134641938{margin-top: -20px !important;}\u00a0\u00bb][vc_column]<div class=\"heading default align-left color-black transform-default icon-type-hidden h2notopmargin heading-tag-h2\" id=\"like_sc_header_35537605\"><h2 class=\"header ltx-sr-id-like_sc_header_355376051387116753 ltx-sr ltx-sr-effect-fade_in ltx-sr-el-block ltx-sr-delay-0 ltx-sr-duration-1000 ltx-sr-sequences-0\">Travail sur mesure r\u00e9alis\u00e9s par des professionnels<\/h2><\/div>[vc_column_text]Chez Vanderlinden J., nous prenons le temps d&rsquo;\u00e9couter votre histoire et de r\u00e9aliser un monument fun\u00e9raire sur mesure. Nous connaissons notre m\u00e9tier et prenons en compte tous les d\u00e9tails et toutes vos sensibilit\u00e9s. Vous pourrez ainsi retrouver votre qui\u00e9tude. Nous vous guidons dans le choix de la pierre naturelle, du lettrage et des symboles religieux souhait\u00e9s.<\/p>\n<p>Tous ces points d\u2019attention feront l\u2019objet d&rsquo;une premi\u00e8re \u00e9bauche. Nous partons de vos souhaits pour cr\u00e9er le monument comm\u00e9moratif personnalis\u00e9 et les accessoires adapt\u00e9s. Chez Vanderlinden J., vous pouvez \u00e9galement compter sur un placement professionnel, en totale conformit\u00e9 avec les directives des diff\u00e9rentes communes bruxelloises. Nous vous aidons \u00e9galement \u00e0 obtenir des informations correctes et un monument fun\u00e9raire conforme dans les autres communes du Brabant flamand et du Brabant wallon.[\/vc_column_text]<div class=\"es-resp\">\t<div class=\"visible-xl\" style=\"height: 48px;\"><\/div>\t<div class=\"hidden-xl hidden-md hidden-sm hidden-ms hidden-xs\" style=\"height: 48px;\"><\/div>\t<div class=\"visible-md\" style=\"height: 48px;\"><\/div>\t<div class=\"visible-sm \" style=\"height: 48px;\"><\/div>\t<div class=\"visible-ms\" style=\"height: 48px;\"><\/div>\t<div class=\"visible-xs\" style=\"height: 48px;\"><\/div><\/div><div class=\"btn-wrap\">\r\n\t<a href=\"https:\/\/vanderlindenj-pierrestombales.be\"  class=\"btn  btn-black-bordered color-hover-default\" id=\"like_sc_button_78655360\">D\u00e9couvrez notre exp\u00e9rience pour une pierre tombale sur mesure<span class=\"ltx-btn-after\"><\/span><\/a><\/div><div class=\"es-resp\">\t<div class=\"visible-xl\" style=\"height: 64px;\"><\/div>\t<div class=\"hidden-xl hidden-md hidden-sm hidden-ms hidden-xs\" style=\"height: 64px;\"><\/div>\t<div class=\"visible-md\" style=\"height: 64px;\"><\/div>\t<div class=\"visible-sm \" style=\"height: 16px;\"><\/div>\t<div class=\"visible-ms\" style=\"height: 16px;\"><\/div>\t<div class=\"visible-xs\" style=\"height: 16px;\"><\/div><\/div><div class=\"es-resp\">\t<div class=\"visible-xl\" style=\"height: 64px;\"><\/div>\t<div class=\"hidden-xl hidden-md hidden-sm hidden-ms hidden-xs\" style=\"height: 64px;\"><\/div>\t<div class=\"visible-md\" style=\"height: 64px;\"><\/div>\t<div class=\"visible-sm \" style=\"height: 16px;\"><\/div>\t<div class=\"visible-ms\" style=\"height: 16px;\"><\/div>\t<div class=\"visible-xs\" style=\"height: 16px;\"><\/div><\/div>[\/vc_column][\/vc_row][vc_row][vc_column]<div class=\"templatera_shortcode\"><section data-vc-full-width=\"true\" data-vc-full-width-temp=\"true\" data-vc-full-width-init=\"false\" class=\"vc_section bg-color-gray text-align-center-md-sm-ms\"><div id=\"products\" class=\"vc_row wpb_row vc_row-fluid\"><div class=\"wpb_column vc_column_container vc_col-sm-12\"><div class=\"vc_column-inner\"><div class=\"wpb_wrapper\"><div class=\"es-resp\">\t<div class=\"visible-xl\" style=\"height: 98px;\"><\/div>\t<div class=\"hidden-xl hidden-md hidden-sm hidden-ms hidden-xs\" style=\"height: 70px;\"><\/div>\t<div class=\"visible-md\" style=\"height: 70px;\"><\/div>\t<div class=\"visible-sm \" style=\"height: 70px;\"><\/div>\t<div class=\"visible-ms\" style=\"height: 64px;\"><\/div>\t<div class=\"visible-xs\" style=\"height: 64px;\"><\/div><\/div><\/div><\/div><\/div><\/div><div class=\"vc_row wpb_row vc_row-fluid\"><div class=\"ltx-icons-text-block wpb_column vc_column_container vc_col-sm-12 vc_col-lg-3 vc_col-md-12\"><div class=\"vc_column-inner\"><div class=\"wpb_wrapper\"><div class=\"es-resp\">\t<div class=\"visible-xl\" style=\"height: 16px;\"><\/div>\t<div class=\"hidden-xl hidden-md hidden-sm hidden-ms hidden-xs\" style=\"height: 16px;\"><\/div>\t<div class=\"visible-md\" style=\"height: 16px;\"><\/div>\t<div class=\"visible-sm \" style=\"height: 16px;\"><\/div>\t<div class=\"visible-ms\" style=\"height: 32px;\"><\/div>\t<div class=\"visible-xs\" style=\"height: 32px;\"><\/div><\/div><div class=\"heading default align-left color-black subcolor-main transform-default icon-type-hidden   vc_custom_1655793297933 heading-tag-h2\" id=\"like_sc_header_893028088\"><h2 class=\"header ltx-sr-id-like_sc_header_893028088450893577 ltx-sr ltx-sr-effect-fade_in ltx-sr-el-block ltx-sr-delay-0 ltx-sr-duration-1000 ltx-sr-sequences-0\"><span> Que <\/span>\r\nFaisons-nous ?<\/h2><\/div>\n\t<div class=\"wpb_text_column wpb_content_element\" >\n\t\t<div class=\"wpb_wrapper\">\n\t\t\t<p>D\u00e9couvrez nos diff\u00e9rents services et laissez-vous inspirer.<\/p>\n\n\t\t<\/div>\n\t<\/div>\n<div class=\"es-resp\">\t<div class=\"visible-xl\" style=\"height: 0px;\"><\/div>\t<div class=\"hidden-xl hidden-md hidden-sm hidden-ms hidden-xs\" style=\"height: 48px;\"><\/div>\t<div class=\"visible-md\" style=\"height: 48px;\"><\/div>\t<div class=\"visible-sm \" style=\"height: 48px;\"><\/div>\t<div class=\"visible-ms\" style=\"height: 32px;\"><\/div>\t<div class=\"visible-xs\" style=\"height: 32px;\"><\/div><\/div><\/div><\/div><\/div><div class=\"wpb_column vc_column_container vc_col-sm-12 vc_col-lg-9\"><div class=\"vc_column-inner\"><div class=\"wpb_wrapper\"><ul class=\"ltx-block-icon  has-descr  icons-count-3 align-center ltx-icon-color-main ltx-icon-size-xl ltx-header-color-default ltx-icon-type-transparent ltx-bg-color-white layout-cols3 ltx-grid-hover  row centered\"  id=\"like_sc_block_icon_301191219\"><li class=\"col-lg-4 col-md-4 col-sm-12 col-ms-12 col-xs-12\" >\r\n\t\t\t\t<div class=\"in\">\r\n\t\t\t\t\t<div class=\"ltx-flip\">\r\n\t\t\t\t\t\t<div class=\"side-a\"><a href=\"\/fr\/cuisines\"><span class=\"ltx-icon icon-kitchen bg-white\"><\/span> <h5 class=\"header\"> Cuisines <\/h5> <div class=\"descr\">R\u00e9alisations \u00e9l\u00e9gantes pour la cuisine<\/div>\r\n\t\t\t\t\t\t<\/a><\/div>\r\n\t\t\t\t\t\t<div class=\"side-b\" style=\"background-image: url(https:\/\/vanderlindenj-design.be\/wp-content\/uploads\/2019\/06\/slider-3.jpg);\" ><a href=\"\/fr\/cuisines\"><span class=\"ltx-icon icon-kitchen bg-white\"><\/span> <h5 class=\"header\"> Cuisines <\/h5> <div class=\"descr\">R\u00e9alisations \u00e9l\u00e9gantes pour la cuisine<\/div>\r\n\t\t\t\t\t\t<\/a><\/div>\t\t\t\t\t\t\r\n\t\t\t\t\t<\/div>\r\n\t\t\t\t<\/div>\r\n\t\t\t<\/li><li class=\"col-lg-4 col-md-4 col-sm-12 col-ms-12 col-xs-12\" >\r\n\t\t\t\t<div class=\"in\">\r\n\t\t\t\t\t<div class=\"ltx-flip\">\r\n\t\t\t\t\t\t<div class=\"side-a\"><a href=\"\/fr\/sallesdebain\"><span class=\"ltx-icon icon-bathtub-1 bg-white\"><\/span> <h5 class=\"header\"> Salles de bain <\/h5> <div class=\"descr\">Salles de bain personnalis\u00e9es<\/div>\r\n\t\t\t\t\t\t<\/a><\/div>\r\n\t\t\t\t\t\t<div class=\"side-b\" style=\"background-image: url(https:\/\/vanderlindenj-design.be\/wp-content\/uploads\/2018\/02\/IMG_20170415_100338.jpg);\" ><a href=\"\/fr\/sallesdebain\"><span class=\"ltx-icon icon-bathtub-1 bg-white\"><\/span> <h5 class=\"header\"> Salles de bain <\/h5> <div class=\"descr\">Salles de bain personnalis\u00e9es<\/div>\r\n\t\t\t\t\t\t<\/a><\/div>\t\t\t\t\t\t\r\n\t\t\t\t\t<\/div>\r\n\t\t\t\t<\/div>\r\n\t\t\t<\/li><li class=\"col-lg-4 col-md-4 col-sm-12 col-ms-12 col-xs-12 \" >\r\n\t\t\t\t<div class=\"in\">\r\n\t\t\t\t\t<div class=\"ltx-flip\">\r\n\t\t\t\t\t\t<div class=\"side-a\"><a href=\"\/fr\/escaliers\"><span class=\"ltx-icon icon-stairs bg-white\"><\/span> <h5 class=\"header\"> Escaliers <\/h5> <div class=\"descr\">Rev\u00eatements d\u2019escaliers int\u00e9rieurs et ext\u00e9rieurs<\/div>\r\n\t\t\t\t\t\t<\/a><\/div>\r\n\t\t\t\t\t\t<div class=\"side-b\" style=\"background-image: url(https:\/\/vanderlindenj-design.be\/wp-content\/uploads\/2018\/02\/2015-06-25-08.15.08.jpg);\" ><a href=\"\/fr\/escaliers\"><span class=\"ltx-icon icon-stairs bg-white\"><\/span> <h5 class=\"header\"> Escaliers <\/h5> <div class=\"descr\">Rev\u00eatements d\u2019escaliers int\u00e9rieurs et ext\u00e9rieurs<\/div>\r\n\t\t\t\t\t\t<\/a><\/div>\t\t\t\t\t\t\r\n\t\t\t\t\t<\/div>\r\n\t\t\t\t<\/div>\r\n\t\t\t<\/li><\/ul><\/div><\/div><\/div><\/div><div class=\"vc_row wpb_row vc_row-fluid\"><div class=\"wpb_column vc_column_container vc_col-sm-12\"><div class=\"vc_column-inner\"><div class=\"wpb_wrapper\"><ul class=\"ltx-block-icon  has-descr  icons-count-4 align-center ltx-icon-color-main ltx-icon-size-xl ltx-header-color-default ltx-icon-type-transparent ltx-bg-color-white layout-cols4 ltx-grid-hover  row centered\"  id=\"like_sc_block_icon_1267816988\"><li class=\" col-lg-3 col-md-6 col-sm-6 col-ms-12 col-xs-12 \" >\r\n\t\t\t\t<div class=\"in\">\r\n\t\t\t\t\t<div class=\"ltx-flip\">\r\n\t\t\t\t\t\t<div class=\"side-a\"><a href=\"\/fr\/sols\"><span class=\"ltx-icon icon-layers bg-white\"><\/span> <h5 class=\"header\"> Sols <\/h5> <div class=\"descr\">Rev\u00eatements de sol en pierre naturelle<\/div>\r\n\t\t\t\t\t\t<\/a><\/div>\r\n\t\t\t\t\t\t<div class=\"side-b\" style=\"background-image: url(https:\/\/vanderlindenj-design.be\/wp-content\/uploads\/2022\/07\/2015-06-16-17.54.34_1.jpg);\" ><a href=\"\/fr\/sols\"><span class=\"ltx-icon icon-layers bg-white\"><\/span> <h5 class=\"header\"> Sols <\/h5> <div class=\"descr\">Rev\u00eatements de sol en pierre naturelle<\/div>\r\n\t\t\t\t\t\t<\/a><\/div>\t\t\t\t\t\t\r\n\t\t\t\t\t<\/div>\r\n\t\t\t\t<\/div>\r\n\t\t\t<\/li><li class=\" col-lg-3 col-md-6 col-sm-6 col-ms-12 col-xs-12 \" >\r\n\t\t\t\t<div class=\"in\">\r\n\t\t\t\t\t<div class=\"ltx-flip\">\r\n\t\t\t\t\t\t<div class=\"side-a\"><a href=\"\/fr\/pierre-bleue\"><span class=\"ltx-icon icon-sketch bg-white\"><\/span> <h5 class=\"header\"> Pierre bleue \/ de taille  <\/h5> <div class=\"descr\">Pierre naturelle belge de qualit\u00e9<\/div>\r\n\t\t\t\t\t\t<\/a><\/div>\r\n\t\t\t\t\t\t<div class=\"side-b\" style=\"background-image: url(https:\/\/vanderlindenj-design.be\/wp-content\/uploads\/2018\/02\/144.jpg);\" ><a href=\"\/fr\/pierre-bleue\"><span class=\"ltx-icon icon-sketch bg-white\"><\/span> <h5 class=\"header\"> Pierre bleue \/ de taille  <\/h5> <div class=\"descr\">Pierre naturelle belge de qualit\u00e9<\/div>\r\n\t\t\t\t\t\t<\/a><\/div>\t\t\t\t\t\t\r\n\t\t\t\t\t<\/div>\r\n\t\t\t\t<\/div>\r\n\t\t\t<\/li><li class=\" col-lg-3 col-md-6 col-sm-6 col-ms-12 col-xs-12 \" >\r\n\t\t\t\t<div class=\"in\">\r\n\t\t\t\t\t<div class=\"ltx-flip\">\r\n\t\t\t\t\t\t<div class=\"side-a\"><a href=\"\/fr\/decoration\"><span class=\"ltx-icon icon-vase bg-white\"><\/span> <h5 class=\"header\"> Decoration <\/h5> <div class=\"descr\">D\u00e9tails et finitions<\/div>\r\n\t\t\t\t\t\t<\/a><\/div>\r\n\t\t\t\t\t\t<div class=\"side-b\" style=\"background-image: url(https:\/\/vanderlindenj-design.be\/wp-content\/uploads\/2018\/02\/128.jpg);\" ><a href=\"\/fr\/decoration\"><span class=\"ltx-icon icon-vase bg-white\"><\/span> <h5 class=\"header\"> Decoration <\/h5> <div class=\"descr\">D\u00e9tails et finitions<\/div>\r\n\t\t\t\t\t\t<\/a><\/div>\t\t\t\t\t\t\r\n\t\t\t\t\t<\/div>\r\n\t\t\t\t<\/div>\r\n\t\t\t<\/li><li class=\" col-lg-3 col-md-6 col-sm-6 col-ms-12 col-xs-12 \" >\r\n\t\t\t\t<div class=\"in\">\r\n\t\t\t\t\t<div class=\"ltx-flip\">\r\n\t\t\t\t\t\t<div class=\"side-a\"><a href=\"\/fr\/pierres-tombales\"><span class=\"ltx-icon icon-parallax bg-white\"><\/span> <h5 class=\"header\"> Pierres tombales <\/h5> <div class=\"descr\">Exp\u00e9rience et approche personnalis\u00e9e<\/div>\r\n\t\t\t\t\t\t<\/a><\/div>\r\n\t\t\t\t\t\t<div class=\"side-b\" style=\"background-image: url(https:\/\/vanderlindenj-design.be\/wp-content\/uploads\/2022\/07\/IMG_8546.jpg);\" ><a href=\"\/fr\/pierres-tombales\"><span class=\"ltx-icon icon-parallax bg-white\"><\/span> <h5 class=\"header\"> Pierres tombales <\/h5> <div class=\"descr\">Exp\u00e9rience et approche personnalis\u00e9e<\/div>\r\n\t\t\t\t\t\t<\/a><\/div>\t\t\t\t\t\t\r\n\t\t\t\t\t<\/div>\r\n\t\t\t\t<\/div>\r\n\t\t\t<\/li><\/ul><\/div><\/div><\/div><\/div><div class=\"vc_row wpb_row vc_row-fluid\"><div class=\"wpb_column vc_column_container vc_col-sm-12\"><div class=\"vc_column-inner\"><div class=\"wpb_wrapper\"><div class=\"es-resp\">\t<div class=\"visible-xl\" style=\"height: 98px;\"><\/div>\t<div class=\"hidden-xl hidden-md hidden-sm hidden-ms hidden-xs\" style=\"height: 70px;\"><\/div>\t<div class=\"visible-md\" style=\"height: 70px;\"><\/div>\t<div class=\"visible-sm \" style=\"height: 70px;\"><\/div>\t<div class=\"visible-ms\" style=\"height: 64px;\"><\/div>\t<div class=\"visible-xs\" style=\"height: 64px;\"><\/div><\/div><\/div><\/div><\/div><\/div><\/section><div class=\"vc_row-full-width vc_clearfix\"><\/div><\/div>[\/vc_column][\/vc_row]<\/p>\n<\/div>","protected":false},"excerpt":{"rendered":"Travail sur mesure r\u00e9alis\u00e9s par des professionnels Chez Vanderlinden J., nous prenons le temps d'\u00e9couter votre histoire et de r\u00e9aliser un monument fun\u00e9raire sur mesure. Nous connaissons notre m\u00e9tier et prenons en compte tous les d\u00e9tails et toutes vos sensibilit\u00e9s. Vous pourrez ainsi retrouver votre qui\u00e9tude. Nous vous guidons dans le choix de la pierre naturelle, du lettrage et des symboles religieux souhait\u00e9s. Tous ces points d\u2019attention feront l\u2019objet d'une premi\u00e8re \u00e9bauche. Nous partons de vos souhaits pour cr\u00e9er le monument comm\u00e9moratif personnalis\u00e9 et les accessoires adapt\u00e9s. Chez Vanderlinden J., vous pouvez \u00e9galement compter sur un placement professionnel, en totale [...]","protected":false},"author":1,"featured_media":13822,"parent":0,"menu_order":0,"comment_status":"closed","ping_status":"closed","template":"","meta":{"footnotes":""},"class_list":["post-13764","page","type-page","status-publish","has-post-thumbnail","hentry"],"yoast_head":"<!-- This site is optimized with the Yoast SEO plugin v27.4 - https:\/\/yoast.com\/product\/yoast-seo-wordpress\/ -->\n<title>Pierres tombales sur mesure \u2013 Marbrerie Vanderlinden J. Alsemberg<\/title>\n<meta name=\"description\" content=\"Vanderlinden J. poss\u00e8de des ann\u00e9es d&#039;exp\u00e9rience dans la r\u00e9alisation et le placement de monuments fun\u00e9raires avec des conseils avis\u00e9s sur le choix de la pierre naturelle, le lettrage et la finition.\" \/>\n<meta name=\"robots\" content=\"index, follow, max-snippet:-1, max-image-preview:large, max-video-preview:-1\" \/>\n<link rel=\"canonical\" href=\"https:\/\/vanderlindenj-design.be\/fr\/monuments-funeraires\/\" \/>\n<meta property=\"og:locale\" content=\"fr_FR\" \/>\n<meta property=\"og:type\" content=\"article\" \/>\n<meta property=\"og:title\" content=\"Pierres tombales sur mesure \u2013 Marbrerie Vanderlinden J. Alsemberg\" \/>\n<meta property=\"og:description\" content=\"Vanderlinden J. poss\u00e8de des ann\u00e9es d&#039;exp\u00e9rience dans la r\u00e9alisation et le placement de monuments fun\u00e9raires avec des conseils avis\u00e9s sur le choix de la pierre naturelle, le lettrage et la finition.\" \/>\n<meta property=\"og:url\" content=\"https:\/\/vanderlindenj-design.be\/fr\/monuments-funeraires\/\" \/>\n<meta property=\"og:site_name\" content=\"Vanderlinden J. Design\" \/>\n<meta property=\"article:modified_time\" content=\"2022-06-27T13:41:38+00:00\" \/>\n<meta name=\"twitter:card\" content=\"summary_large_image\" \/>\n<meta name=\"twitter:label1\" content=\"Dur\u00e9e de lecture estim\u00e9e\" \/>\n\t<meta name=\"twitter:data1\" content=\"1 minute\" \/>\n<script type=\"application\/ld+json\" class=\"yoast-schema-graph\">{\"@context\":\"https:\\\/\\\/schema.org\",\"@graph\":[{\"@type\":\"WebPage\",\"@id\":\"https:\\\/\\\/vanderlindenj-design.be\\\/fr\\\/monuments-funeraires\\\/\",\"url\":\"https:\\\/\\\/vanderlindenj-design.be\\\/fr\\\/monuments-funeraires\\\/\",\"name\":\"Pierres tombales sur mesure \u2013 Marbrerie Vanderlinden J. Alsemberg\",\"isPartOf\":{\"@id\":\"https:\\\/\\\/vanderlindenj-design.be\\\/#website\"},\"primaryImageOfPage\":{\"@id\":\"https:\\\/\\\/vanderlindenj-design.be\\\/fr\\\/monuments-funeraires\\\/#primaryimage\"},\"image\":{\"@id\":\"https:\\\/\\\/vanderlindenj-design.be\\\/fr\\\/monuments-funeraires\\\/#primaryimage\"},\"thumbnailUrl\":\"https:\\\/\\\/vanderlindenj-design.be\\\/wp-content\\\/uploads\\\/2022\\\/07\\\/IMG_8546.jpg\",\"datePublished\":\"2022-06-22T11:46:42+00:00\",\"dateModified\":\"2022-06-27T13:41:38+00:00\",\"description\":\"Vanderlinden J. poss\u00e8de des ann\u00e9es d'exp\u00e9rience dans la r\u00e9alisation et le placement de monuments fun\u00e9raires avec des conseils avis\u00e9s sur le choix de la pierre naturelle, le lettrage et la finition.\",\"breadcrumb\":{\"@id\":\"https:\\\/\\\/vanderlindenj-design.be\\\/fr\\\/monuments-funeraires\\\/#breadcrumb\"},\"inLanguage\":\"fr-FR\",\"potentialAction\":[{\"@type\":\"ReadAction\",\"target\":[\"https:\\\/\\\/vanderlindenj-design.be\\\/fr\\\/monuments-funeraires\\\/\"]}]},{\"@type\":\"ImageObject\",\"inLanguage\":\"fr-FR\",\"@id\":\"https:\\\/\\\/vanderlindenj-design.be\\\/fr\\\/monuments-funeraires\\\/#primaryimage\",\"url\":\"https:\\\/\\\/vanderlindenj-design.be\\\/wp-content\\\/uploads\\\/2022\\\/07\\\/IMG_8546.jpg\",\"contentUrl\":\"https:\\\/\\\/vanderlindenj-design.be\\\/wp-content\\\/uploads\\\/2022\\\/07\\\/IMG_8546.jpg\",\"width\":1620,\"height\":1080},{\"@type\":\"BreadcrumbList\",\"@id\":\"https:\\\/\\\/vanderlindenj-design.be\\\/fr\\\/monuments-funeraires\\\/#breadcrumb\",\"itemListElement\":[{\"@type\":\"ListItem\",\"position\":1,\"name\":\"Home\",\"item\":\"https:\\\/\\\/vanderlindenj-design.be\\\/fr\\\/\"},{\"@type\":\"ListItem\",\"position\":2,\"name\":\"Monuments fun\u00e9raires respectueux de votre histoire\"}]},{\"@type\":\"WebSite\",\"@id\":\"https:\\\/\\\/vanderlindenj-design.be\\\/#website\",\"url\":\"https:\\\/\\\/vanderlindenj-design.be\\\/\",\"name\":\"Vanderlinden J. Design\",\"description\":\"Steenhouwerij - taille de pierre Alsemberg\",\"potentialAction\":[{\"@type\":\"SearchAction\",\"target\":{\"@type\":\"EntryPoint\",\"urlTemplate\":\"https:\\\/\\\/vanderlindenj-design.be\\\/?s={search_term_string}\"},\"query-input\":{\"@type\":\"PropertyValueSpecification\",\"valueRequired\":true,\"valueName\":\"search_term_string\"}}],\"inLanguage\":\"fr-FR\"}]}<\/script>\n<!-- \/ Yoast SEO plugin. -->","yoast_head_json":{"title":"Pierres tombales sur mesure \u2013 Marbrerie Vanderlinden J. Alsemberg","description":"Vanderlinden J. poss\u00e8de des ann\u00e9es d'exp\u00e9rience dans la r\u00e9alisation et le placement de monuments fun\u00e9raires avec des conseils avis\u00e9s sur le choix de la pierre naturelle, le lettrage et la finition.","robots":{"index":"index","follow":"follow","max-snippet":"max-snippet:-1","max-image-preview":"max-image-preview:large","max-video-preview":"max-video-preview:-1"},"canonical":"https:\/\/vanderlindenj-design.be\/fr\/monuments-funeraires\/","og_locale":"fr_FR","og_type":"article","og_title":"Pierres tombales sur mesure \u2013 Marbrerie Vanderlinden J. Alsemberg","og_description":"Vanderlinden J. poss\u00e8de des ann\u00e9es d'exp\u00e9rience dans la r\u00e9alisation et le placement de monuments fun\u00e9raires avec des conseils avis\u00e9s sur le choix de la pierre naturelle, le lettrage et la finition.","og_url":"https:\/\/vanderlindenj-design.be\/fr\/monuments-funeraires\/","og_site_name":"Vanderlinden J. Design","article_modified_time":"2022-06-27T13:41:38+00:00","twitter_card":"summary_large_image","twitter_misc":{"Dur\u00e9e de lecture estim\u00e9e":"1 minute"},"schema":{"@context":"https:\/\/schema.org","@graph":[{"@type":"WebPage","@id":"https:\/\/vanderlindenj-design.be\/fr\/monuments-funeraires\/","url":"https:\/\/vanderlindenj-design.be\/fr\/monuments-funeraires\/","name":"Pierres tombales sur mesure \u2013 Marbrerie Vanderlinden J. Alsemberg","isPartOf":{"@id":"https:\/\/vanderlindenj-design.be\/#website"},"primaryImageOfPage":{"@id":"https:\/\/vanderlindenj-design.be\/fr\/monuments-funeraires\/#primaryimage"},"image":{"@id":"https:\/\/vanderlindenj-design.be\/fr\/monuments-funeraires\/#primaryimage"},"thumbnailUrl":"https:\/\/vanderlindenj-design.be\/wp-content\/uploads\/2022\/07\/IMG_8546.jpg","datePublished":"2022-06-22T11:46:42+00:00","dateModified":"2022-06-27T13:41:38+00:00","description":"Vanderlinden J. poss\u00e8de des ann\u00e9es d'exp\u00e9rience dans la r\u00e9alisation et le placement de monuments fun\u00e9raires avec des conseils avis\u00e9s sur le choix de la pierre naturelle, le lettrage et la finition.","breadcrumb":{"@id":"https:\/\/vanderlindenj-design.be\/fr\/monuments-funeraires\/#breadcrumb"},"inLanguage":"fr-FR","potentialAction":[{"@type":"ReadAction","target":["https:\/\/vanderlindenj-design.be\/fr\/monuments-funeraires\/"]}]},{"@type":"ImageObject","inLanguage":"fr-FR","@id":"https:\/\/vanderlindenj-design.be\/fr\/monuments-funeraires\/#primaryimage","url":"https:\/\/vanderlindenj-design.be\/wp-content\/uploads\/2022\/07\/IMG_8546.jpg","contentUrl":"https:\/\/vanderlindenj-design.be\/wp-content\/uploads\/2022\/07\/IMG_8546.jpg","width":1620,"height":1080},{"@type":"BreadcrumbList","@id":"https:\/\/vanderlindenj-design.be\/fr\/monuments-funeraires\/#breadcrumb","itemListElement":[{"@type":"ListItem","position":1,"name":"Home","item":"https:\/\/vanderlindenj-design.be\/fr\/"},{"@type":"ListItem","position":2,"name":"Monuments fun\u00e9raires respectueux de votre histoire"}]},{"@type":"WebSite","@id":"https:\/\/vanderlindenj-design.be\/#website","url":"https:\/\/vanderlindenj-design.be\/","name":"Vanderlinden J. Design","description":"Steenhouwerij - taille de pierre Alsemberg","potentialAction":[{"@type":"SearchAction","target":{"@type":"EntryPoint","urlTemplate":"https:\/\/vanderlindenj-design.be\/?s={search_term_string}"},"query-input":{"@type":"PropertyValueSpecification","valueRequired":true,"valueName":"search_term_string"}}],"inLanguage":"fr-FR"}]}},"_links":{"self":[{"href":"https:\/\/vanderlindenj-design.be\/fr\/wp-json\/wp\/v2\/pages\/13764","targetHints":{"allow":["GET"]}}],"collection":[{"href":"https:\/\/vanderlindenj-design.be\/fr\/wp-json\/wp\/v2\/pages"}],"about":[{"href":"https:\/\/vanderlindenj-design.be\/fr\/wp-json\/wp\/v2\/types\/page"}],"author":[{"embeddable":true,"href":"https:\/\/vanderlindenj-design.be\/fr\/wp-json\/wp\/v2\/users\/1"}],"replies":[{"embeddable":true,"href":"https:\/\/vanderlindenj-design.be\/fr\/wp-json\/wp\/v2\/comments?post=13764"}],"version-history":[{"count":3,"href":"https:\/\/vanderlindenj-design.be\/fr\/wp-json\/wp\/v2\/pages\/13764\/revisions"}],"predecessor-version":[{"id":13813,"href":"https:\/\/vanderlindenj-design.be\/fr\/wp-json\/wp\/v2\/pages\/13764\/revisions\/13813"}],"wp:featuredmedia":[{"embeddable":true,"href":"https:\/\/vanderlindenj-design.be\/fr\/wp-json\/wp\/v2\/media\/13822"}],"wp:attachment":[{"href":"https:\/\/vanderlindenj-design.be\/fr\/wp-json\/wp\/v2\/media?parent=13764"}],"curies":[{"name":"wp","href":"https:\/\/api.w.org\/{rel}","templated":true}]}}